{"id":123,"date":"2026-02-08T14:27:50","date_gmt":"2026-02-08T13:27:50","guid":{"rendered":"http:\/\/techstack.study\/?page_id=123"},"modified":"2026-02-16T21:56:57","modified_gmt":"2026-02-16T20:56:57","slug":"previous-reports","status":"publish","type":"page","link":"https:\/\/techstack.study\/fr\/previous-reports\/","title":{"rendered":"Rapports pr\u00e9c\u00e9dents"},"content":{"rendered":"<div class=\"wp-block-group alignfull has-global-padding is-layout-constrained wp-container-core-group-is-layout-669513ed wp-block-group-is-layout-constrained\" style=\"margin-top:0;margin-bottom:0;padding-top:var(--wp--preset--spacing--50);padding-right:var(--wp--preset--spacing--50);padding-bottom:var(--wp--preset--spacing--50);padding-left:var(--wp--preset--spacing--50)\">\n<div class=\"wp-block-group is-vertical is-content-justification-center is-layout-flex wp-container-core-group-is-layout-ce155fab wp-block-group-is-layout-flex\">\n<h2 class=\"wp-block-heading\">Rapports pr\u00e9c\u00e9dents<\/h2>\n\n\n\n<p class=\"has-text-align-center\">Vous pouvez t\u00e9l\u00e9charger gratuitement les rapports des \u00e9ditions pr\u00e9c\u00e9dentes ici.<\/p>\n<\/div>\n\n\n\n<div style=\"height:var(--wp--preset--spacing--30)\" aria-hidden=\"true\" class=\"wp-block-spacer\"><\/div>\n\n\n\n<div class=\"wp-block-columns alignwide is-layout-flex wp-container-core-columns-is-layout-4935966c wp-block-columns-is-layout-flex\" style=\"padding-right:0;padding-left:0\">\n<div class=\"wp-block-column is-layout-flow wp-block-column-is-layout-flow\">\n<figure class=\"wp-block-image size-full is-style-rounded is-style-rounded--1\"><a href=\"http:\/\/techstack.study\/wp-content\/uploads\/2026\/02\/FR-Tech-Stack-2024.pdf\" target=\"_blank\" rel=\" noreferrer noopener\"><img loading=\"lazy\" decoding=\"async\" width=\"910\" height=\"1286\" src=\"http:\/\/techstack.study\/wp-content\/uploads\/2026\/02\/Screenshot-2026-02-08-at-16.49.54.png\" alt=\"\" class=\"wp-image-126\" srcset=\"https:\/\/techstack.study\/wp-content\/uploads\/2026\/02\/Screenshot-2026-02-08-at-16.49.54.png 1058w, https:\/\/techstack.study\/wp-content\/uploads\/2026\/02\/Screenshot-2026-02-08-at-16.49.54-211x300.png 211w, https:\/\/techstack.study\/wp-content\/uploads\/2026\/02\/Screenshot-2026-02-08-at-16.49.54-720x1024.png 720w, https:\/\/techstack.study\/wp-content\/uploads\/2026\/02\/Screenshot-2026-02-08-at-16.49.54-768x1092.png 768w, https:\/\/techstack.study\/wp-content\/uploads\/2026\/02\/Screenshot-2026-02-08-at-16.49.54-8x12.png 8w\" sizes=\"auto, (max-width: 910px) 100vw, 910px\" \/><\/a><\/figure>\n\n\n\n<div class=\"wp-block-group is-vertical is-content-justification-center is-nowrap is-layout-flex wp-container-core-group-is-layout-21d4e958 wp-block-group-is-layout-flex\">\n<p class=\"has-text-align-center has-small-font-size\"><strong>2024<\/strong><\/p>\n<\/div>\n<\/div>\n\n\n\n<div class=\"wp-block-column is-layout-flow wp-block-column-is-layout-flow\">\n<figure class=\"wp-block-image size-full is-style-rounded is-style-rounded--2\"><a href=\"http:\/\/techstack.study\/wp-content\/uploads\/2026\/02\/FR-Tech-Stack-2023.pdf\" target=\"_blank\" rel=\" noreferrer noopener\"><img loading=\"lazy\" decoding=\"async\" width=\"1062\" height=\"1504\" src=\"http:\/\/techstack.study\/wp-content\/uploads\/2026\/02\/Screenshot-2026-02-08-at-17.03.56.png\" alt=\"\" class=\"wp-image-145\" srcset=\"https:\/\/techstack.study\/wp-content\/uploads\/2026\/02\/Screenshot-2026-02-08-at-17.03.56.png 1060w, https:\/\/techstack.study\/wp-content\/uploads\/2026\/02\/Screenshot-2026-02-08-at-17.03.56-211x300.png 211w, https:\/\/techstack.study\/wp-content\/uploads\/2026\/02\/Screenshot-2026-02-08-at-17.03.56-722x1024.png 722w, https:\/\/techstack.study\/wp-content\/uploads\/2026\/02\/Screenshot-2026-02-08-at-17.03.56-768x1090.png 768w, https:\/\/techstack.study\/wp-content\/uploads\/2026\/02\/Screenshot-2026-02-08-at-17.03.56-8x12.png 8w\" sizes=\"auto, (max-width: 1062px) 100vw, 1062px\" \/><\/a><\/figure>\n\n\n\n<div class=\"wp-block-group is-vertical is-content-justification-center is-nowrap is-layout-flex wp-container-core-group-is-layout-63bfd6c1 wp-block-group-is-layout-flex\">\n<p class=\"has-text-align-center has-small-font-size\"><strong>2023<\/strong><\/p>\n<\/div>\n<\/div>\n\n\n\n<div class=\"wp-block-column is-layout-flow wp-block-column-is-layout-flow\">\n<figure class=\"wp-block-image size-full is-style-rounded is-style-rounded--3\"><a href=\"http:\/\/techstack.study\/wp-content\/uploads\/2026\/02\/FR-Tech-Stack-2022.pdf\" target=\"_blank\" rel=\" noreferrer noopener\"><img loading=\"lazy\" decoding=\"async\" width=\"1060\" height=\"1502\" src=\"http:\/\/techstack.study\/wp-content\/uploads\/2026\/02\/Screenshot-2026-02-08-at-17.04.04.png\" alt=\"Tech Stack Study 2022\" class=\"wp-image-141\" srcset=\"https:\/\/techstack.study\/wp-content\/uploads\/2026\/02\/Screenshot-2026-02-08-at-17.04.04.png 1060w, https:\/\/techstack.study\/wp-content\/uploads\/2026\/02\/Screenshot-2026-02-08-at-17.04.04-211x300.png 211w, https:\/\/techstack.study\/wp-content\/uploads\/2026\/02\/Screenshot-2026-02-08-at-17.04.04-721x1024.png 721w, https:\/\/techstack.study\/wp-content\/uploads\/2026\/02\/Screenshot-2026-02-08-at-17.04.04-768x1091.png 768w, https:\/\/techstack.study\/wp-content\/uploads\/2026\/02\/Screenshot-2026-02-08-at-17.04.04-8x12.png 8w\" sizes=\"auto, (max-width: 1060px) 100vw, 1060px\" \/><\/a><\/figure>\n\n\n\n<div class=\"wp-block-group is-vertical is-content-justification-center is-nowrap is-layout-flex wp-container-core-group-is-layout-63bfd6c1 wp-block-group-is-layout-flex\">\n<p class=\"has-text-align-center has-small-font-size\"><strong>2022<\/strong><\/p>\n<\/div>\n<\/div>\n<\/div>\n<\/div>\n\n\n\n<div class=\"wp-block-group alignfull has-base-2-background-color has-background has-global-padding is-layout-constrained wp-container-core-group-is-layout-669513ed wp-block-group-is-layout-constrained\" style=\"margin-top:0;margin-bottom:0;padding-top:var(--wp--preset--spacing--50);padding-right:var(--wp--preset--spacing--50);padding-bottom:var(--wp--preset--spacing--50);padding-left:var(--wp--preset--spacing--50)\">\n<div class=\"wp-block-group is-vertical is-content-justification-center is-layout-flex wp-container-core-group-is-layout-ce155fab wp-block-group-is-layout-flex\">\n<h2 class=\"wp-block-heading has-text-align-center has-xx-large-font-size\">R\u00e9pondez \u00e0 l'enqu\u00eate 2026<\/h2>\n\n\n\n<p class=\"has-text-align-center\">L'\u00e9tude 2026 s'articule autour de quatre questionnaires courts, chacun prenant moins de 10 minutes. En participant, vous contribuez \u00e0 la cr\u00e9ation d'une r\u00e9f\u00e9rence sectorielle commune, tout en pr\u00e9servant la confidentialit\u00e9 des r\u00e9ponses de votre organisation.<\/p>\n<\/div>\n\n\n\n<div style=\"height:var(--wp--preset--spacing--30)\" aria-hidden=\"true\" class=\"wp-block-spacer\"><\/div>\n\n\n\n<div class=\"wp-block-columns alignwide is-layout-flex wp-container-core-columns-is-layout-4935966c wp-block-columns-is-layout-flex\" style=\"padding-right:0;padding-left:0\">\n<div class=\"wp-block-column has-border-color has-contrast-2-border-color is-layout-flow wp-container-core-column-is-layout-4a56171c wp-block-column-is-layout-flow\" style=\"border-width:1px;padding-top:var(--wp--preset--spacing--10);padding-right:var(--wp--preset--spacing--10);padding-bottom:var(--wp--preset--spacing--10);padding-left:var(--wp--preset--spacing--10)\">\n<div class=\"wp-block-group is-vertical is-content-justification-center is-nowrap is-layout-flex wp-container-core-group-is-layout-63bfd6c1 wp-block-group-is-layout-flex\">\n<h3 class=\"wp-block-heading has-text-align-center has-large-font-size\"><strong>Marketing<\/strong><\/h3>\n\n\n\n<p class=\"has-text-align-center has-small-font-size\">Acquisition, engagement, conversion, CRM...<\/p>\n<\/div>\n\n\n\n<div class=\"wp-block-buttons is-content-justification-center is-layout-flex wp-container-core-buttons-is-layout-98935462 wp-block-buttons-is-layout-flex\" style=\"margin-top:var(--wp--preset--spacing--10);margin-bottom:var(--wp--preset--spacing--10)\">\n<div class=\"wp-block-button\"><a class=\"wp-block-button__link has-text-align-center wp-element-button\" href=\"https:\/\/tally.so\/r\/VLzxzE\">R\u00e9pondre<\/a><\/div>\n<\/div>\n<\/div>\n\n\n\n<div class=\"wp-block-column has-border-color has-contrast-2-border-color is-layout-flow wp-container-core-column-is-layout-4a56171c wp-block-column-is-layout-flow\" style=\"border-width:1px;padding-top:var(--wp--preset--spacing--10);padding-right:var(--wp--preset--spacing--10);padding-bottom:var(--wp--preset--spacing--10);padding-left:var(--wp--preset--spacing--10)\">\n<div class=\"wp-block-group is-vertical is-content-justification-center is-nowrap is-layout-flex wp-container-core-group-is-layout-63bfd6c1 wp-block-group-is-layout-flex\">\n<h3 class=\"wp-block-heading has-text-align-center has-large-font-size\"><strong>\u00c9ditorial<\/strong><\/h3>\n\n\n\n<p class=\"has-text-align-center has-small-font-size\">CMS, planning \u00e9ditorial, utilisation de l'IA...<\/p>\n<\/div>\n\n\n\n<div class=\"wp-block-buttons is-content-justification-center is-layout-flex wp-container-core-buttons-is-layout-98935462 wp-block-buttons-is-layout-flex\" style=\"margin-top:var(--wp--preset--spacing--10);margin-bottom:var(--wp--preset--spacing--10)\">\n<div class=\"wp-block-button\"><a class=\"wp-block-button__link has-text-align-center wp-element-button\" href=\"https:\/\/tally.so\/r\/OD7VXp\">R\u00e9pondre<\/a><\/div>\n<\/div>\n<\/div>\n\n\n\n<div class=\"wp-block-column has-border-color has-contrast-2-border-color is-layout-flow wp-container-core-column-is-layout-4a56171c wp-block-column-is-layout-flow\" style=\"border-width:1px;padding-top:var(--wp--preset--spacing--10);padding-right:var(--wp--preset--spacing--10);padding-bottom:var(--wp--preset--spacing--10);padding-left:var(--wp--preset--spacing--10)\">\n<div class=\"wp-block-group is-vertical is-content-justification-center is-nowrap is-layout-flex wp-container-core-group-is-layout-63bfd6c1 wp-block-group-is-layout-flex\">\n<h3 class=\"wp-block-heading has-text-align-center has-large-font-size\"><strong>Tech<\/strong><\/h3>\n\n\n\n<p class=\"has-text-align-center has-small-font-size\">Infrastructure, donn\u00e9es, performance, s\u00e9curit\u00e9...<\/p>\n<\/div>\n\n\n\n<div class=\"wp-block-buttons is-content-justification-center is-layout-flex wp-container-core-buttons-is-layout-98935462 wp-block-buttons-is-layout-flex\" style=\"margin-top:var(--wp--preset--spacing--10);margin-bottom:var(--wp--preset--spacing--10)\">\n<div class=\"wp-block-button\"><a class=\"wp-block-button__link has-text-align-center wp-element-button\" href=\"https:\/\/tally.so\/r\/kd6plZ\">R\u00e9pondre<\/a><\/div>\n<\/div>\n<\/div>\n\n\n\n<div class=\"wp-block-column has-border-color has-contrast-2-border-color is-layout-flow wp-container-core-column-is-layout-4a56171c wp-block-column-is-layout-flow\" style=\"border-width:1px;padding-top:var(--wp--preset--spacing--10);padding-right:var(--wp--preset--spacing--10);padding-bottom:var(--wp--preset--spacing--10);padding-left:var(--wp--preset--spacing--10)\">\n<div class=\"wp-block-group is-vertical is-content-justification-center is-nowrap is-layout-flex wp-container-core-group-is-layout-63bfd6c1 wp-block-group-is-layout-flex\">\n<h3 class=\"wp-block-heading has-text-align-center has-large-font-size\"><strong>Publicit\u00e9<\/strong><\/h3>\n\n\n\n<p class=\"has-text-align-center has-small-font-size\">Ad stack, programmatique, mon\u00e9tisation...<\/p>\n<\/div>\n\n\n\n<div class=\"wp-block-buttons is-content-justification-center is-layout-flex wp-container-core-buttons-is-layout-98935462 wp-block-buttons-is-layout-flex\" style=\"margin-top:var(--wp--preset--spacing--10);margin-bottom:var(--wp--preset--spacing--10)\">\n<div class=\"wp-block-button\"><a class=\"wp-block-button__link has-text-align-center wp-element-button\" href=\"https:\/\/tally.so\/r\/Pd5KEe\">R\u00e9pondre<\/a><\/div>\n<\/div>\n<\/div>\n<\/div>\n<\/div>\n\n\n\n<p><\/p>","protected":false},"excerpt":{"rendered":"<p>Previous reports You can freely download the reports from previous editions here. From 2022 to 2024, the study covered French publishers only and was therefore originally written in French. The English versions available for download here were translated using AI tools. 2024 2023 2022 Take the 2026 survey The 2026 study is built around 4 [&hellip;]<\/p>","protected":false},"author":1,"featured_media":0,"parent":0,"menu_order":0,"comment_status":"closed","ping_status":"closed","template":"","meta":{"footnotes":""},"class_list":["post-123","page","type-page","status-publish","hentry"],"_links":{"self":[{"href":"https:\/\/techstack.study\/fr\/wp-json\/wp\/v2\/pages\/123","targetHints":{"allow":["GET"]}}],"collection":[{"href":"https:\/\/techstack.study\/fr\/wp-json\/wp\/v2\/pages"}],"about":[{"href":"https:\/\/techstack.study\/fr\/wp-json\/wp\/v2\/types\/page"}],"author":[{"embeddable":true,"href":"https:\/\/techstack.study\/fr\/wp-json\/wp\/v2\/users\/1"}],"replies":[{"embeddable":true,"href":"https:\/\/techstack.study\/fr\/wp-json\/wp\/v2\/comments?post=123"}],"version-history":[{"count":19,"href":"https:\/\/techstack.study\/fr\/wp-json\/wp\/v2\/pages\/123\/revisions"}],"predecessor-version":[{"id":224,"href":"https:\/\/techstack.study\/fr\/wp-json\/wp\/v2\/pages\/123\/revisions\/224"}],"wp:attachment":[{"href":"https:\/\/techstack.study\/fr\/wp-json\/wp\/v2\/media?parent=123"}],"curies":[{"name":"wp","href":"https:\/\/api.w.org\/{rel}","templated":true}]}}