{"id":2,"date":"2026-02-08T09:29:00","date_gmt":"2026-02-08T08:29:00","guid":{"rendered":"http:\/\/techstack.study\/?page_id=2"},"modified":"2026-02-08T16:13:16","modified_gmt":"2026-02-08T15:13:16","slug":"about-the-project","status":"publish","type":"page","link":"https:\/\/techstack.study\/fr\/about-the-project\/","title":{"rendered":"\u00c0 propos"},"content":{"rendered":"<div class=\"wp-block-group alignfull has-base-background-color has-background has-global-padding is-layout-constrained wp-container-core-group-is-layout-15c179d9 wp-block-group-is-layout-constrained\" style=\"margin-top:0;margin-bottom:0;padding-top:var(--wp--preset--spacing--50);padding-right:var(--wp--preset--spacing--50);padding-bottom:var(--wp--preset--spacing--10);padding-left:var(--wp--preset--spacing--50)\">\n<div class=\"wp-block-columns alignwide is-layout-flex wp-container-core-columns-is-layout-549b0c86 wp-block-columns-is-layout-flex\">\n<div class=\"wp-block-column has-global-padding is-content-justification-left is-layout-constrained wp-container-core-column-is-layout-4f15e8fe wp-block-column-is-layout-constrained\" style=\"flex-basis:40%\">\n<h1 class=\"wp-block-heading is-style-default\">\u00c0 propos du projet<\/h1>\n<\/div>\n\n\n\n<div class=\"wp-block-column is-layout-flow wp-container-core-column-is-layout-119bc444 wp-block-column-is-layout-flow\" style=\"flex-basis:60%\">\n<p class=\"has-heading-font-family has-large-font-size\" style=\"line-height:1.2\">L\u2019\u00e9tude Tech Stack est n\u00e9e d\u2019un questionnement constant de notre industrie sur les choix technologiques \u00e0 op\u00e9rer pour accompagner les transformations num\u00e9riques, soutenir les strat\u00e9gies de croissance et pr\u00e9parer l\u2019avenir. Devenues un enjeu strat\u00e9gique central pour les \u00e9diteurs de presse, ces d\u00e9cisions demeurent pourtant largement invisibles, fragment\u00e9es et difficiles \u00e0 \u00e9valuer.<\/p>\n\n\n\n<p>Les \u00e9diteurs d'aujourd'hui op\u00e8rent \u00e0 travers des stacks marketing de plus en plus complexes, des outils pour les journalistes en constante \u00e9volution, des contraintes techniques fortes et maintenant, l'essor ultra-rapide de l'IA g\u00e9n\u00e9rative. <br><br>Fond\u00e9e en 2021, l'\u00e9tude se poursuit chaque ann\u00e9e depuis afin d'aider les \u00e9diteurs \u00e0 choisir et \u00e0 mettre en place l'ensemble d'outils les mieux adapt\u00e9s \u00e0 leurs besoins.<br><br>Dans un premier temps, l'\u00e9tude s'est concentr\u00e9e sur les \u00e9diteurs fran\u00e7ais et a cartographi\u00e9 leurs technologies dans trois domaines principaux : les outils marketing, les choix \u00e9ditoriaux et l'infrastructure technique. \u00c0 partir de 2026, le projet s'\u00e9tend \u00e0 l'international et introduit une quatri\u00e8me cat\u00e9gorie d\u00e9di\u00e9e aux outils publicitaires, refl\u00e9tant l'\u00e9volution des strat\u00e9gies de revenus des \u00e9diteurs.<br><br>Son principe de base reste inchang\u00e9 : <strong>consolider les pratiques individuelles en une vue d'ensemble compl\u00e8te, tout en garantissant une totale confidentialit\u00e9 aux r\u00e9pondants.\u00a0<\/strong><\/p>\n<\/div>\n<\/div>\n<\/div>\n\n\n\n<hr class=\"wp-block-separator has-alpha-channel-opacity\" style=\"margin-top:var(--wp--preset--spacing--30);margin-bottom:var(--wp--preset--spacing--30)\"\/>\n\n\n\n<h2 class=\"wp-block-heading\">Une initiative ind\u00e9pendante<\/h2>\n\n\n\n<p>Tech Stack est g\u00e9r\u00e9 par l'association fran\u00e7aise \u00e0 but non lucratif <strong><a href=\"https:\/\/annuaire-entreprises.data.gouv.fr\/entreprise\/tech-stack-931440010\" data-type=\"link\" data-id=\"https:\/\/annuaire-entreprises.data.gouv.fr\/entreprise\/tech-stack-931440010\" target=\"_blank\" rel=\"noreferrer noopener\">TECH STACK<\/a><\/strong> (SIREN 931 440 010).<\/p>\n\n\n\n<p>Le projet est totalement ind\u00e9pendant et n'est li\u00e9 \u00e0 aucune des activit\u00e9s professionnelles de ses auteurs.<\/p>\n\n\n\n<hr class=\"wp-block-separator has-alpha-channel-opacity\" style=\"margin-top:var(--wp--preset--spacing--30);margin-bottom:var(--wp--preset--spacing--30)\"\/>\n\n\n\n<h2 class=\"wp-block-heading\">Ils parlent de nous<\/h2>\n\n\n\n<div class=\"wp-block-media-text alignwide is-stacked-on-mobile\" style=\"padding-top:var(--wp--preset--spacing--20);padding-bottom:var(--wp--preset--spacing--20);grid-template-columns:35% auto\"><figure class=\"wp-block-media-text__media\"><img loading=\"lazy\" decoding=\"async\" width=\"1024\" height=\"518\" src=\"http:\/\/techstack.study\/wp-content\/uploads\/2026\/02\/Screenshot-2026-02-08-at-14.08.53-1024x518.png\" alt=\"Article Mind Media\" class=\"wp-image-107 size-full\" srcset=\"https:\/\/techstack.study\/wp-content\/uploads\/2026\/02\/Screenshot-2026-02-08-at-14.08.53-1024x518.png 1024w, https:\/\/techstack.study\/wp-content\/uploads\/2026\/02\/Screenshot-2026-02-08-at-14.08.53-300x152.png 300w, https:\/\/techstack.study\/wp-content\/uploads\/2026\/02\/Screenshot-2026-02-08-at-14.08.53-768x388.png 768w, https:\/\/techstack.study\/wp-content\/uploads\/2026\/02\/Screenshot-2026-02-08-at-14.08.53-1536x776.png 1536w, https:\/\/techstack.study\/wp-content\/uploads\/2026\/02\/Screenshot-2026-02-08-at-14.08.53-2048x1035.png 2048w, https:\/\/techstack.study\/wp-content\/uploads\/2026\/02\/Screenshot-2026-02-08-at-14.08.53-18x9.png 18w\" sizes=\"auto, (max-width: 1024px) 100vw, 1024px\" \/><\/figure><div class=\"wp-block-media-text__content\">\n<p><a href=\"https:\/\/www.mind.eu.com\/media\/article\/quels-outils-technologiques-equipent-les-editeurs-francais-en-2025\">https:\/\/www.mind.eu.com\/media\/article\/quels-outils-technologiques-equipent-les-editeurs-francais-en-2025<\/a><\/p>\n<\/div><\/div>\n\n\n\n<div class=\"wp-block-media-text alignwide is-stacked-on-mobile\" style=\"padding-top:var(--wp--preset--spacing--20);padding-bottom:var(--wp--preset--spacing--20);grid-template-columns:35% auto\"><figure class=\"wp-block-media-text__media\"><img loading=\"lazy\" decoding=\"async\" width=\"1024\" height=\"519\" src=\"http:\/\/techstack.study\/wp-content\/uploads\/2026\/02\/Screenshot-2026-02-08-at-14.07.38-1024x519.png\" alt=\"Sciences Po Tech Stack article\" class=\"wp-image-111 size-full\" srcset=\"https:\/\/techstack.study\/wp-content\/uploads\/2026\/02\/Screenshot-2026-02-08-at-14.07.38-1024x519.png 1024w, https:\/\/techstack.study\/wp-content\/uploads\/2026\/02\/Screenshot-2026-02-08-at-14.07.38-300x152.png 300w, https:\/\/techstack.study\/wp-content\/uploads\/2026\/02\/Screenshot-2026-02-08-at-14.07.38-768x389.png 768w, https:\/\/techstack.study\/wp-content\/uploads\/2026\/02\/Screenshot-2026-02-08-at-14.07.38-1536x778.png 1536w, https:\/\/techstack.study\/wp-content\/uploads\/2026\/02\/Screenshot-2026-02-08-at-14.07.38-2048x1038.png 2048w, https:\/\/techstack.study\/wp-content\/uploads\/2026\/02\/Screenshot-2026-02-08-at-14.07.38-18x9.png 18w\" sizes=\"auto, (max-width: 1024px) 100vw, 1024px\" \/><\/figure><div class=\"wp-block-media-text__content\">\n<p><a href=\"https:\/\/www.sciencespo.fr\/executive-education\/fr\/actualites\/enquete-revelation-de-la-tech-stack-des-editeurs-2024\/\">https:\/\/www.sciencespo.fr\/executive-education\/fr\/actualites\/enquete-revelation-de-la-tech-stack-des-editeurs-2024\/<\/a><\/p>\n<\/div><\/div>\n\n\n\n<div class=\"wp-block-media-text alignwide is-stacked-on-mobile\" style=\"padding-top:var(--wp--preset--spacing--20);padding-bottom:var(--wp--preset--spacing--20);grid-template-columns:35% auto\"><figure class=\"wp-block-media-text__media\"><img loading=\"lazy\" decoding=\"async\" width=\"1024\" height=\"518\" src=\"http:\/\/techstack.study\/wp-content\/uploads\/2026\/02\/Screenshot-2026-02-08-at-14.13.02-1024x518.png\" alt=\"\" class=\"wp-image-113 size-full\" srcset=\"https:\/\/techstack.study\/wp-content\/uploads\/2026\/02\/Screenshot-2026-02-08-at-14.13.02-1024x518.png 1024w, https:\/\/techstack.study\/wp-content\/uploads\/2026\/02\/Screenshot-2026-02-08-at-14.13.02-300x152.png 300w, https:\/\/techstack.study\/wp-content\/uploads\/2026\/02\/Screenshot-2026-02-08-at-14.13.02-768x389.png 768w, https:\/\/techstack.study\/wp-content\/uploads\/2026\/02\/Screenshot-2026-02-08-at-14.13.02-1536x777.png 1536w, https:\/\/techstack.study\/wp-content\/uploads\/2026\/02\/Screenshot-2026-02-08-at-14.13.02-2048x1037.png 2048w, https:\/\/techstack.study\/wp-content\/uploads\/2026\/02\/Screenshot-2026-02-08-at-14.13.02-18x9.png 18w\" sizes=\"auto, (max-width: 1024px) 100vw, 1024px\" \/><\/figure><div class=\"wp-block-media-text__content\">\n<p><a href=\"https:\/\/theaudiencers.com\/tech-stack-study-2024-a-look-behind-the-scenes-at-the-tools-used-by-french-media\/\">https:\/\/theaudiencers.com\/tech-stack-study-2024-a-look-behind-the-scenes-at-the-tools-used-by-french-media\/<\/a><\/p>\n<\/div><\/div>\n\n\n\n<div class=\"wp-block-media-text alignwide is-stacked-on-mobile\" style=\"padding-top:var(--wp--preset--spacing--20);padding-bottom:var(--wp--preset--spacing--20);grid-template-columns:35% auto\"><figure class=\"wp-block-media-text__media\"><img loading=\"lazy\" decoding=\"async\" width=\"1024\" height=\"518\" src=\"http:\/\/techstack.study\/wp-content\/uploads\/2026\/02\/Screenshot-2026-02-08-at-14.07.13-1024x518.png\" alt=\"Article Mind Media\" class=\"wp-image-112 size-full\" srcset=\"https:\/\/techstack.study\/wp-content\/uploads\/2026\/02\/Screenshot-2026-02-08-at-14.07.13-1024x518.png 1024w, https:\/\/techstack.study\/wp-content\/uploads\/2026\/02\/Screenshot-2026-02-08-at-14.07.13-300x152.png 300w, https:\/\/techstack.study\/wp-content\/uploads\/2026\/02\/Screenshot-2026-02-08-at-14.07.13-768x388.png 768w, https:\/\/techstack.study\/wp-content\/uploads\/2026\/02\/Screenshot-2026-02-08-at-14.07.13-1536x777.png 1536w, https:\/\/techstack.study\/wp-content\/uploads\/2026\/02\/Screenshot-2026-02-08-at-14.07.13-2048x1036.png 2048w, https:\/\/techstack.study\/wp-content\/uploads\/2026\/02\/Screenshot-2026-02-08-at-14.07.13-18x9.png 18w\" sizes=\"auto, (max-width: 1024px) 100vw, 1024px\" \/><\/figure><div class=\"wp-block-media-text__content\">\n<p><a href=\"https:\/\/www.mind.eu.com\/media\/article\/quels-outils-technologiques-equipent-les-editeurs-francais\">https:\/\/www.mind.eu.com\/media\/article\/quels-outils-technologiques-equipent-les-editeurs-francais<\/a><\/p>\n<\/div><\/div>\n\n\n\n<div class=\"wp-block-media-text alignwide is-stacked-on-mobile\" style=\"padding-top:var(--wp--preset--spacing--20);padding-bottom:var(--wp--preset--spacing--20);grid-template-columns:35% auto\"><figure class=\"wp-block-media-text__media\"><img loading=\"lazy\" decoding=\"async\" width=\"1024\" height=\"519\" src=\"http:\/\/techstack.study\/wp-content\/uploads\/2026\/02\/Screenshot-2026-02-08-at-14.08.05-1024x519.png\" alt=\"Article FNPS\" class=\"wp-image-109 size-full\" srcset=\"https:\/\/techstack.study\/wp-content\/uploads\/2026\/02\/Screenshot-2026-02-08-at-14.08.05-1024x519.png 1024w, https:\/\/techstack.study\/wp-content\/uploads\/2026\/02\/Screenshot-2026-02-08-at-14.08.05-300x152.png 300w, https:\/\/techstack.study\/wp-content\/uploads\/2026\/02\/Screenshot-2026-02-08-at-14.08.05-768x389.png 768w, https:\/\/techstack.study\/wp-content\/uploads\/2026\/02\/Screenshot-2026-02-08-at-14.08.05-1536x778.png 1536w, https:\/\/techstack.study\/wp-content\/uploads\/2026\/02\/Screenshot-2026-02-08-at-14.08.05-2048x1037.png 2048w, https:\/\/techstack.study\/wp-content\/uploads\/2026\/02\/Screenshot-2026-02-08-at-14.08.05-18x9.png 18w\" sizes=\"auto, (max-width: 1024px) 100vw, 1024px\" \/><\/figure><div class=\"wp-block-media-text__content\">\n<p><a href=\"https:\/\/www.fnps.fr\/2024\/02\/22\/etude-tech-stack-2023-outils-et-techniques-des-editeurs-de-presse-francais-pour-produire-diffuser-et-monetiser-linformation\/\">https:\/\/www.fnps.fr\/2024\/02\/22\/etude-tech-stack-2023-outils-et-techniques-des-editeurs-de-presse-francais-pour-produire-diffuser-et-monetiser-linformation\/<\/a><\/p>\n<\/div><\/div>","protected":false},"excerpt":{"rendered":"<p>A propos du projet L'\u00e9tude Tech Stack a \u00e9t\u00e9 cr\u00e9\u00e9e autour d'une conviction simple : les choix technologiques sont devenus une question strat\u00e9gique centrale pour les \u00e9diteurs de presse, mais ils restent pour la plupart invisibles, fragment\u00e9s et difficiles \u00e0 \u00e9valuer. Les \u00e9diteurs d'aujourd'hui op\u00e8rent \u00e0 travers des piles marketing de plus en plus complexes, des outils de salle de r\u00e9daction en constante \u00e9volution, des contraintes techniques fortes et maintenant, l'essor rapide de [...]<\/p>","protected":false},"author":1,"featured_media":0,"parent":0,"menu_order":0,"comment_status":"closed","ping_status":"open","template":"","meta":{"footnotes":""},"class_list":["post-2","page","type-page","status-publish","hentry"],"_links":{"self":[{"href":"https:\/\/techstack.study\/fr\/wp-json\/wp\/v2\/pages\/2","targetHints":{"allow":["GET"]}}],"collection":[{"href":"https:\/\/techstack.study\/fr\/wp-json\/wp\/v2\/pages"}],"about":[{"href":"https:\/\/techstack.study\/fr\/wp-json\/wp\/v2\/types\/page"}],"author":[{"embeddable":true,"href":"https:\/\/techstack.study\/fr\/wp-json\/wp\/v2\/users\/1"}],"replies":[{"embeddable":true,"href":"https:\/\/techstack.study\/fr\/wp-json\/wp\/v2\/comments?post=2"}],"version-history":[{"count":19,"href":"https:\/\/techstack.study\/fr\/wp-json\/wp\/v2\/pages\/2\/revisions"}],"predecessor-version":[{"id":170,"href":"https:\/\/techstack.study\/fr\/wp-json\/wp\/v2\/pages\/2\/revisions\/170"}],"wp:attachment":[{"href":"https:\/\/techstack.study\/fr\/wp-json\/wp\/v2\/media?parent=2"}],"curies":[{"name":"wp","href":"https:\/\/api.w.org\/{rel}","templated":true}]}}